{"id":9379,"date":"2024-03-13T15:20:37","date_gmt":"2024-03-13T15:20:37","guid":{"rendered":"https:\/\/nph-belgium.org\/steun-crisis-in-haiti\/"},"modified":"2025-08-06T10:29:49","modified_gmt":"2025-08-06T10:29:49","slug":"aide-crise-en-haiti","status":"publish","type":"page","link":"https:\/\/nph-belgium.org\/fr\/aide-crise-en-haiti\/","title":{"rendered":"Paiement r\u00e9ussi !"},"content":{"rendered":"\n<h3 class=\"wp-block-heading\">Paiement r\u00e9ussi ! Merci de nous soutenir en cette p\u00e9riode de crise.<\/h3>\n\n\n\n<p>Un grand merci pour votre g\u00e9n\u00e9reux soutien. Gr\u00e2ce \u00e0 vous, nous pouvons continuer \u00e0 prendre soin de notre communaut\u00e9 en Ha\u00efti, m\u00eame en ces temps difficiles. Nous vous tiendrons inform\u00e9(e) de la situation sur place et de tout ce que nous pouvons continuer \u00e0 accomplir pour les enfants et les familles l\u00e0-bas \u2014 gr\u00e2ce \u00e0 votre soutien.<\/p>\n\n\n\n<h3 class=\"wp-block-heading\">Partager, c&#8217;est aimer<\/h3>\n\n\n\n<p>Nous vous demandons non seulement de nous soutenir financi\u00e8rement, mais aussi de partager ce message. Votre action et votre engagement peuvent contribuer \u00e0 mobiliser davantage d&#8217;aide et \u00e0 amplifier la voix d&#8217;Ha\u00efti. Ensemble, nous pouvons faire la diff\u00e9rence et apporter de l&#8217;espoir en ces temps difficiles.<\/p>\n\n\n\r\n<div class=\"align wp-block-bssb-social-share\" id=\"bssbSocialShare-1\" data-attributes=\"{&quot;background&quot;:{&quot;color&quot;:&quot;#0000&quot;,&quot;type&quot;:&quot;solid&quot;,&quot;gradient&quot;:&quot;linear-gradient(135deg, #4527a4, #8344c5)&quot;,&quot;image&quot;:[],&quot;position&quot;:&quot;center center&quot;,&quot;attachment&quot;:&quot;initial&quot;,&quot;repeat&quot;:&quot;no-repeat&quot;,&quot;size&quot;:&quot;cover&quot;,&quot;overlayColor&quot;:&quot;#000000b3&quot;,&quot;styles&quot;:&quot;background: #0000;&quot;},&quot;border&quot;:{&quot;radius&quot;:&quot;50%&quot;,&quot;width&quot;:&quot;0px&quot;,&quot;style&quot;:&quot;solid&quot;,&quot;color&quot;:&quot;#0000&quot;,&quot;side&quot;:&quot;all&quot;,&quot;styles&quot;:&quot;border-radius: 50%;&quot;},&quot;shadow&quot;:{&quot;type&quot;:&quot;box&quot;,&quot;hOffset&quot;:&quot;0px&quot;,&quot;vOffset&quot;:&quot;0px&quot;,&quot;blur&quot;:&quot;0px&quot;,&quot;spreed&quot;:&quot;0px&quot;,&quot;color&quot;:&quot;#7090b0&quot;,&quot;isInset&quot;:false,&quot;styles&quot;:&quot;0px 0px 0px 0px #7090b0&quot;},&quot;align&quot;:&quot;&quot;,&quot;socials&quot;:[{&quot;networkType&quot;:&quot;socialNetworks&quot;,&quot;network&quot;:&quot;facebook&quot;,&quot;isUpIcon&quot;:false,&quot;icon&quot;:{&quot;class&quot;:&quot;fab fa-facebook-f&quot;,&quot;color&quot;:&quot;#1877f2&quot;},&quot;upIcon&quot;:{&quot;id&quot;:null,&quot;url&quot;:&quot;&quot;,&quot;alt&quot;:&quot;&quot;,&quot;title&quot;:&quot;&quot;}},{&quot;networkType&quot;:&quot;socialNetworks&quot;,&quot;network&quot;:&quot;twitter&quot;,&quot;isUpIcon&quot;:false,&quot;icon&quot;:{&quot;class&quot;:&quot;fab fa-twitter&quot;,&quot;color&quot;:&quot;#1da1f2&quot;},&quot;upIcon&quot;:{&quot;id&quot;:null,&quot;url&quot;:&quot;&quot;,&quot;alt&quot;:&quot;&quot;,&quot;title&quot;:&quot;&quot;}},{&quot;networkType&quot;:&quot;socialNetworks&quot;,&quot;network&quot;:&quot;linkedin&quot;,&quot;isUpIcon&quot;:false,&quot;icon&quot;:{&quot;class&quot;:&quot;fab fa-linkedin-in&quot;,&quot;color&quot;:&quot;#0a66c2&quot;},&quot;upIcon&quot;:{&quot;id&quot;:null,&quot;url&quot;:&quot;&quot;,&quot;alt&quot;:&quot;&quot;,&quot;title&quot;:&quot;&quot;}},{&quot;networkType&quot;:&quot;mobileMessenger&quot;,&quot;network&quot;:&quot;whatsapp&quot;,&quot;isUpIcon&quot;:false,&quot;icon&quot;:{&quot;class&quot;:&quot;fab fa-whatsapp&quot;,&quot;color&quot;:&quot;#25d366&quot;},&quot;upIcon&quot;:{&quot;id&quot;:null,&quot;url&quot;:&quot;&quot;,&quot;alt&quot;:&quot;&quot;,&quot;title&quot;:&quot;&quot;}}],&quot;alignment&quot;:&quot;left&quot;,&quot;isBackend&quot;:false,&quot;theme&quot;:&quot;default&quot;,&quot;label&quot;:true,&quot;hoverBackground&quot;:{&quot;color&quot;:&quot;&quot;},&quot;positionType&quot;:&quot;&quot;,&quot;size&quot;:&quot;28px&quot;,&quot;gap&quot;:&quot;14px&quot;,&quot;positionOption&quot;:{&quot;top&quot;:&quot;&quot;,&quot;left&quot;:&quot;&quot;,&quot;bottom&quot;:&quot;30px&quot;,&quot;right&quot;:&quot;0px&quot;},&quot;padding&quot;:&quot;10px&quot;,&quot;margin&quot;:&quot;10px&quot;,&quot;hoverIconColor&quot;:&quot;&quot;,&quot;hoverBorder&quot;:{&quot;radius&quot;:&quot;&quot;},&quot;direction&quot;:&quot;row&quot;,&quot;transform&quot;:&quot;0px&quot;,&quot;isCounter&quot;:false,&quot;counterText&quot;:&quot;Total Share&quot;,&quot;counterNumber&quot;:120,&quot;counterTypo&quot;:{&quot;fontSize&quot;:{&quot;desktop&quot;:22,&quot;tablet&quot;:18,&quot;mobile&quot;:16},&quot;fontWeight&quot;:500,&quot;fontFamily&quot;:&quot;ABeeZee&quot;},&quot;counterColor&quot;:&quot;black&quot;}\">\r\n\t<div class=\"bssbStyle\"><\/div>\r\n\r\n\t<ul class=\"bssbSocialShare\">\r\n\t\t\r\n\t\t\t<li class=\"icon icon-0\" data-social=\"facebook\"  \t>\r\n\t\t\t\t<i class=\"fab fa-facebook-f\"><\/i>\t\t\t\t\t\t\t<\/li>\r\n\r\n\t\t\r\n\t\t\t<li class=\"icon icon-1\" data-social=\"twitter\"  \t>\r\n\t\t\t\t<i class=\"fab fa-twitter\"><\/i>\t\t\t\t\t\t\t<\/li>\r\n\r\n\t\t\r\n\t\t\t<li class=\"icon icon-2\" data-social=\"linkedin\"  \t>\r\n\t\t\t\t<i class=\"fab fa-linkedin-in\"><\/i>\t\t\t\t\t\t\t<\/li>\r\n\r\n\t\t\r\n\t\t\t<li class=\"icon icon-3\" data-social=\"whatsapp\"  \t>\r\n\t\t\t\t<i class=\"fab fa-whatsapp\"><\/i>\t\t\t\t\t\t\t<\/li>\r\n\r\n\t\t\t\t\t<\/ul>\r\n<\/div>","protected":false},"excerpt":{"rendered":"<p>Paiement r\u00e9ussi ! Merci de nous soutenir en cette p\u00e9riode de crise. Un grand merci pour votre g\u00e9n\u00e9reux soutien. Gr\u00e2ce \u00e0 vous, nous pouvons continuer \u00e0 prendre soin de notre communaut\u00e9 en Ha\u00efti, m\u00eame en ces temps difficiles. Nous vous tiendrons inform\u00e9(e) de la situation sur place et de tout ce que nous pouvons continuer [&hellip;]<\/p>\n","protected":false},"author":2,"featured_media":0,"parent":0,"menu_order":32,"comment_status":"closed","ping_status":"closed","template":"","meta":{"_acf_changed":false,"give_campaign_id":0,"footnotes":""},"class_list":["post-9379","page","type-page","status-publish","hentry"],"acf":[],"yoast_head":"<!-- This site is optimized with the Yoast SEO plugin v27.4 - https:\/\/yoast.com\/product\/yoast-seo-wordpress\/ -->\n<title>Paiement r\u00e9ussi ! &#8211; NPH Belgium<\/title>\n<meta name=\"robots\" content=\"index, follow, max-snippet:-1, max-image-preview:large, max-video-preview:-1\" \/>\n<link rel=\"canonical\" href=\"https:\/\/nph-belgium.org\/fr\/aide-crise-en-haiti\/\" \/>\n<meta property=\"og:locale\" content=\"fr_FR\" \/>\n<meta property=\"og:type\" content=\"article\" \/>\n<meta property=\"og:title\" content=\"Paiement r\u00e9ussi ! &#8211; NPH Belgium\" \/>\n<meta property=\"og:description\" content=\"Paiement r\u00e9ussi ! Merci de nous soutenir en cette p\u00e9riode de crise. Un grand merci pour votre g\u00e9n\u00e9reux soutien. Gr\u00e2ce \u00e0 vous, nous pouvons continuer \u00e0 prendre soin de notre communaut\u00e9 en Ha\u00efti, m\u00eame en ces temps difficiles. Nous vous tiendrons inform\u00e9(e) de la situation sur place et de tout ce que nous pouvons continuer [&hellip;]\" \/>\n<meta property=\"og:url\" content=\"https:\/\/nph-belgium.org\/fr\/aide-crise-en-haiti\/\" \/>\n<meta property=\"og:site_name\" content=\"NPH Belgium\" \/>\n<meta property=\"article:publisher\" content=\"https:\/\/www.facebook.com\/nphcommunity\" \/>\n<meta property=\"article:modified_time\" content=\"2025-08-06T10:29:49+00:00\" \/>\n<meta name=\"twitter:card\" content=\"summary_large_image\" \/>\n<meta name=\"twitter:label1\" content=\"Dur\u00e9e de lecture estim\u00e9e\" \/>\n\t<meta name=\"twitter:data1\" content=\"1 minute\" \/>\n<script type=\"application\/ld+json\" class=\"yoast-schema-graph\">{\"@context\":\"https:\\\/\\\/schema.org\",\"@graph\":[{\"@type\":\"WebPage\",\"@id\":\"https:\\\/\\\/nph-belgium.org\\\/fr\\\/aide-crise-en-haiti\\\/\",\"url\":\"https:\\\/\\\/nph-belgium.org\\\/fr\\\/aide-crise-en-haiti\\\/\",\"name\":\"Paiement r\u00e9ussi ! &#8211; NPH Belgium\",\"isPartOf\":{\"@id\":\"https:\\\/\\\/nph-belgium.org\\\/fr\\\/#website\"},\"datePublished\":\"2024-03-13T15:20:37+00:00\",\"dateModified\":\"2025-08-06T10:29:49+00:00\",\"breadcrumb\":{\"@id\":\"https:\\\/\\\/nph-belgium.org\\\/fr\\\/aide-crise-en-haiti\\\/#breadcrumb\"},\"inLanguage\":\"fr-FR\",\"potentialAction\":[{\"@type\":\"ReadAction\",\"target\":[\"https:\\\/\\\/nph-belgium.org\\\/fr\\\/aide-crise-en-haiti\\\/\"]}]},{\"@type\":\"BreadcrumbList\",\"@id\":\"https:\\\/\\\/nph-belgium.org\\\/fr\\\/aide-crise-en-haiti\\\/#breadcrumb\",\"itemListElement\":[{\"@type\":\"ListItem\",\"position\":1,\"name\":\"Home\",\"item\":\"https:\\\/\\\/nph-belgium.org\\\/fr\\\/\"},{\"@type\":\"ListItem\",\"position\":2,\"name\":\"Paiement r\u00e9ussi !\"}]},{\"@type\":\"WebSite\",\"@id\":\"https:\\\/\\\/nph-belgium.org\\\/fr\\\/#website\",\"url\":\"https:\\\/\\\/nph-belgium.org\\\/fr\\\/\",\"name\":\"NPH Belgium\",\"description\":\"Zorgen voor verweesde en verlaten kinderen in Latijns-Amerika en de Cara\u00efben sinds 1954.\",\"publisher\":{\"@id\":\"https:\\\/\\\/nph-belgium.org\\\/fr\\\/#organization\"},\"potentialAction\":[{\"@type\":\"SearchAction\",\"target\":{\"@type\":\"EntryPoint\",\"urlTemplate\":\"https:\\\/\\\/nph-belgium.org\\\/fr\\\/?s={search_term_string}\"},\"query-input\":{\"@type\":\"PropertyValueSpecification\",\"valueRequired\":true,\"valueName\":\"search_term_string\"}}],\"inLanguage\":\"fr-FR\"},{\"@type\":\"Organization\",\"@id\":\"https:\\\/\\\/nph-belgium.org\\\/fr\\\/#organization\",\"name\":\"NPH Belgium\",\"url\":\"https:\\\/\\\/nph-belgium.org\\\/fr\\\/\",\"logo\":{\"@type\":\"ImageObject\",\"inLanguage\":\"fr-FR\",\"@id\":\"https:\\\/\\\/nph-belgium.org\\\/fr\\\/#\\\/schema\\\/logo\\\/image\\\/\",\"url\":\"https:\\\/\\\/nph-belgium.org\\\/wp-content\\\/uploads\\\/2020\\\/06\\\/OKW-LanguageFR.png\",\"contentUrl\":\"https:\\\/\\\/nph-belgium.org\\\/wp-content\\\/uploads\\\/2020\\\/06\\\/OKW-LanguageFR.png\",\"width\":723,\"height\":156,\"caption\":\"NPH Belgium\"},\"image\":{\"@id\":\"https:\\\/\\\/nph-belgium.org\\\/fr\\\/#\\\/schema\\\/logo\\\/image\\\/\"},\"sameAs\":[\"https:\\\/\\\/www.facebook.com\\\/nphcommunity\",\"https:\\\/\\\/www.instagram.com\\\/nph_international\\\/\",\"https:\\\/\\\/www.linkedin.com\\\/company\\\/nph\\\/\",\"https:\\\/\\\/www.youtube.com\\\/user\\\/nphinternational\"]}]}<\/script>\n<!-- \/ Yoast SEO plugin. -->","yoast_head_json":{"title":"Paiement r\u00e9ussi ! &#8211; NPH Belgium","robots":{"index":"index","follow":"follow","max-snippet":"max-snippet:-1","max-image-preview":"max-image-preview:large","max-video-preview":"max-video-preview:-1"},"canonical":"https:\/\/nph-belgium.org\/fr\/aide-crise-en-haiti\/","og_locale":"fr_FR","og_type":"article","og_title":"Paiement r\u00e9ussi ! &#8211; NPH Belgium","og_description":"Paiement r\u00e9ussi ! Merci de nous soutenir en cette p\u00e9riode de crise. Un grand merci pour votre g\u00e9n\u00e9reux soutien. Gr\u00e2ce \u00e0 vous, nous pouvons continuer \u00e0 prendre soin de notre communaut\u00e9 en Ha\u00efti, m\u00eame en ces temps difficiles. Nous vous tiendrons inform\u00e9(e) de la situation sur place et de tout ce que nous pouvons continuer [&hellip;]","og_url":"https:\/\/nph-belgium.org\/fr\/aide-crise-en-haiti\/","og_site_name":"NPH Belgium","article_publisher":"https:\/\/www.facebook.com\/nphcommunity","article_modified_time":"2025-08-06T10:29:49+00:00","twitter_card":"summary_large_image","twitter_misc":{"Dur\u00e9e de lecture estim\u00e9e":"1 minute"},"schema":{"@context":"https:\/\/schema.org","@graph":[{"@type":"WebPage","@id":"https:\/\/nph-belgium.org\/fr\/aide-crise-en-haiti\/","url":"https:\/\/nph-belgium.org\/fr\/aide-crise-en-haiti\/","name":"Paiement r\u00e9ussi ! &#8211; NPH Belgium","isPartOf":{"@id":"https:\/\/nph-belgium.org\/fr\/#website"},"datePublished":"2024-03-13T15:20:37+00:00","dateModified":"2025-08-06T10:29:49+00:00","breadcrumb":{"@id":"https:\/\/nph-belgium.org\/fr\/aide-crise-en-haiti\/#breadcrumb"},"inLanguage":"fr-FR","potentialAction":[{"@type":"ReadAction","target":["https:\/\/nph-belgium.org\/fr\/aide-crise-en-haiti\/"]}]},{"@type":"BreadcrumbList","@id":"https:\/\/nph-belgium.org\/fr\/aide-crise-en-haiti\/#breadcrumb","itemListElement":[{"@type":"ListItem","position":1,"name":"Home","item":"https:\/\/nph-belgium.org\/fr\/"},{"@type":"ListItem","position":2,"name":"Paiement r\u00e9ussi !"}]},{"@type":"WebSite","@id":"https:\/\/nph-belgium.org\/fr\/#website","url":"https:\/\/nph-belgium.org\/fr\/","name":"NPH Belgium","description":"Zorgen voor verweesde en verlaten kinderen in Latijns-Amerika en de Cara\u00efben sinds 1954.","publisher":{"@id":"https:\/\/nph-belgium.org\/fr\/#organization"},"potentialAction":[{"@type":"SearchAction","target":{"@type":"EntryPoint","urlTemplate":"https:\/\/nph-belgium.org\/fr\/?s={search_term_string}"},"query-input":{"@type":"PropertyValueSpecification","valueRequired":true,"valueName":"search_term_string"}}],"inLanguage":"fr-FR"},{"@type":"Organization","@id":"https:\/\/nph-belgium.org\/fr\/#organization","name":"NPH Belgium","url":"https:\/\/nph-belgium.org\/fr\/","logo":{"@type":"ImageObject","inLanguage":"fr-FR","@id":"https:\/\/nph-belgium.org\/fr\/#\/schema\/logo\/image\/","url":"https:\/\/nph-belgium.org\/wp-content\/uploads\/2020\/06\/OKW-LanguageFR.png","contentUrl":"https:\/\/nph-belgium.org\/wp-content\/uploads\/2020\/06\/OKW-LanguageFR.png","width":723,"height":156,"caption":"NPH Belgium"},"image":{"@id":"https:\/\/nph-belgium.org\/fr\/#\/schema\/logo\/image\/"},"sameAs":["https:\/\/www.facebook.com\/nphcommunity","https:\/\/www.instagram.com\/nph_international\/","https:\/\/www.linkedin.com\/company\/nph\/","https:\/\/www.youtube.com\/user\/nphinternational"]}]}},"campaignId":"","_links":{"self":[{"href":"https:\/\/nph-belgium.org\/fr\/wp-json\/wp\/v2\/pages\/9379","targetHints":{"allow":["GET"]}}],"collection":[{"href":"https:\/\/nph-belgium.org\/fr\/wp-json\/wp\/v2\/pages"}],"about":[{"href":"https:\/\/nph-belgium.org\/fr\/wp-json\/wp\/v2\/types\/page"}],"author":[{"embeddable":true,"href":"https:\/\/nph-belgium.org\/fr\/wp-json\/wp\/v2\/users\/2"}],"replies":[{"embeddable":true,"href":"https:\/\/nph-belgium.org\/fr\/wp-json\/wp\/v2\/comments?post=9379"}],"version-history":[{"count":5,"href":"https:\/\/nph-belgium.org\/fr\/wp-json\/wp\/v2\/pages\/9379\/revisions"}],"predecessor-version":[{"id":11073,"href":"https:\/\/nph-belgium.org\/fr\/wp-json\/wp\/v2\/pages\/9379\/revisions\/11073"}],"wp:attachment":[{"href":"https:\/\/nph-belgium.org\/fr\/wp-json\/wp\/v2\/media?parent=9379"}],"curies":[{"name":"wp","href":"https:\/\/api.w.org\/{rel}","templated":true}]}}